{"id":1405,"date":"2023-03-02T10:42:00","date_gmt":"2023-03-02T10:42:00","guid":{"rendered":"https:\/\/zaufanenieruchomosci.pl\/?page_id=1405"},"modified":"2024-05-14T20:40:09","modified_gmt":"2024-05-14T20:40:09","slug":"polityka-prywatnosci","status":"publish","type":"page","link":"https:\/\/zaufanenieruchomosci.pl\/index.php\/polityka-prywatnosci\/","title":{"rendered":"Polityka prywatno\u015bci"},"content":{"rendered":"\t\t<div data-elementor-type=\"wp-page\" data-elementor-id=\"1405\" class=\"elementor elementor-1405\">\n\t\t\t\t\t\t\t\t\t<section class=\"elementor-section elementor-top-section elementor-element elementor-element-5ec1a8f elementor-section-boxed elementor-section-height-default elementor-section-height-default\" data-id=\"5ec1a8f\" data-element_type=\"section\" data-settings=\"{&quot;_ha_eqh_enable&quot;:false}\">\n\t\t\t\t\t\t<div class=\"elementor-container elementor-column-gap-default\">\n\t\t\t\t\t<div class=\"elementor-column elementor-col-100 elementor-top-column elementor-element elementor-element-9ad1d55\" data-id=\"9ad1d55\" data-element_type=\"column\">\n\t\t\t<div class=\"elementor-widget-wrap elementor-element-populated\">\n\t\t\t\t\t\t\t\t<div class=\"elementor-element elementor-element-5c17ff1 elementor-widget elementor-widget-text-editor\" data-id=\"5c17ff1\" data-element_type=\"widget\" data-widget_type=\"text-editor.default\">\n\t\t\t\t<div class=\"elementor-widget-container\">\n\t\t\t<style>\/*! elementor - v3.11.0 - 13-02-2023 *\/\n.elementor-widget-text-editor.elementor-drop-cap-view-stacked .elementor-drop-cap{background-color:#818a91;color:#fff}.elementor-widget-text-editor.elementor-drop-cap-view-framed .elementor-drop-cap{color:#818a91;border:3px solid;background-color:transparent}.elementor-widget-text-editor:not(.elementor-drop-cap-view-default) .elementor-drop-cap{margin-top:8px}.elementor-widget-text-editor:not(.elementor-drop-cap-view-default) .elementor-drop-cap-letter{width:1em;height:1em}.elementor-widget-text-editor .elementor-drop-cap{float:left;text-align:center;line-height:1;font-size:50px}.elementor-widget-text-editor .elementor-drop-cap-letter{display:inline-block}<\/style>\t\t\t\t<p><strong><br \/>I. Polityka prywatno\u015bci<\/strong><\/p><p>Administratorem danych osobowych jest:<\/p><p>DAMDOM Sp. z o.o.<\/p><p>Nowogrodzka 31<\/p><p>00-511 Warszawa<\/p><p>NIP: 7011023439<\/p><ol><li>Administrator zbiera informacje, dotycz\u0105ce os\u00f3b fizycznych dzia\u0142aj\u0105cych zar\u00f3wno w imieniu w\u0142asnym, jak i reprezentuj\u0105cych osoby prawne lub jednostki organizacyjne nieb\u0119d\u0105ce osobami prawnymi, kt\u00f3rym ustawa przyznaje zdolno\u015b\u0107 prawn\u0105, zwanych dalej \u0142\u0105cznie Klientami.<\/li><li>Dane osobowe Klienta s\u0105 zbierane w przypadku skorzystania przez niego z formularza kontaktowego lub w przypadku subskrypcji Newslettera \u2013 w celu wykonania w\/w Us\u0142ug na podstawie zgody osoby, kt\u00f3rej dane dotycz\u0105 na wykonanie umowy o wykonanie Us\u0142ugi (art. 6 ust. 1 lit. a RODO).<\/li><li>W przypadku subskrypcji Newslettera Klient podaje adres e-mail, w przypadku skorzystania z formularza kontaktowego Klient podaje adres e-mail lub numer telefonu.<\/li><li>Podczas korzystania ze Strony Internetowej mog\u0105 by\u0107 pobierane dodatkowe informacje, w szczeg\u00f3lno\u015bci: adres IP przypisany do komputera Klienta lub zewn\u0119trzny adres IP dostawcy Internetu, nazwa domeny, rodzaj przegl\u0105darki, czas dost\u0119pu, typ systemu operacyjnego, dane nawigacyjne, w tym informacje o linkach i odno\u015bnikach, w kt\u00f3re zdecyduj\u0105 si\u0119 klikn\u0105\u0107. Podstawa prawna \u2013 prawnie uzasadniony interes (art. 6 ust. 1 lit. f RODO), polegaj\u0105cy na u\u0142atwieniu korzystania z us\u0142ug \u015bwiadczonych drog\u0105 elektroniczn\u0105 oraz na poprawie funkcjonalno\u015bci tych us\u0142ug.<\/li><li>Dane osobowe s\u0105 przetwarzane w spos\u00f3b zautomatyzowany w tym r\u00f3wnie\u017c w formie profilowania. Zautomatyzowane przetwarzanie danych odbywa si\u0119 na zasadach cz\u0119stotliwo\u015bci przegl\u0105dania informacji zawartych na Stronie Internetowej Administrator a konsekwencj\u0105 takiego przetwarzania b\u0119dzie wysy\u0142anie do u\u017cytkownik\u00f3w propozycji wykonania okre\u015blonej akcji np. przej\u015bcia na landing page czy wys\u0142anie formularza kontaktowego.<\/li><li>Dane osobowe Klienta mog\u0105 by\u0107 przekazane innym podmiotom przetwarzaj\u0105cym, aby Administrator m\u00f3g\u0142 wykona\u0107 Us\u0142ugi. Podmioty przetwarzaj\u0105ce b\u0119d\u0105 przetwarza\u0107 dane osobowe w zale\u017cno\u015bci od uzgodnie\u0144 umownych i okoliczno\u015bci, albo podlegaj\u0105 poleceniom Administratora co do cel\u00f3w i sposob\u00f3w przetwarzania tych danych (podmioty przetwarzaj\u0105ce) albo samodzielnie okre\u015blaj\u0105 cele i sposoby ich przetwarzania (administratorzy). Pani\/Pana dane nie b\u0119d\u0105 przekazywane do pa\u0144stwa trzeciego lub organizacji mi\u0119dzynarodowej.<\/li><li>Administrator udost\u0119pnia przetwarzane dane osobowe podmiotom przetwarzaj\u0105cym dane osobowe na zlecenie Administratora, m. in. wsp\u00f3\u0142pracownikom, dostawcom us\u0142ug IT, kancelariom prawnym, kancelariom ksi\u0119gowo \u2013 podatkowym, itp. \u2013 przy czym takie podmioty przetwarzaj\u0105 dane na podstawie umowy z Administratorem i wy\u0142\u0105cznie zgodnie z poleceniami Administratora; podmiotom uprawnionym do ich uzyskania na podstawie obowi\u0105zuj\u0105cego prawa, np. organom \u015bcigania w razie zg\u0142oszenia przez organ \u017c\u0105dania na odpowiedniej podstawie prawnej (np. dla potrzeb tocz\u0105cego si\u0119 post\u0119powania karnego).<\/li><\/ol><ol start=\"8\"><li>W przypadku, gdy podstaw\u0105 przetwarzania danych osobowych jest zgoda, w\u00f3wczas dane osobowe Klienta przetwarzane s\u0105 przez Administrator tak d\u0142ugo, a\u017c zgoda nie zostanie odwo\u0142ana, a po odwo\u0142aniu zgody przez okres czasu odpowiadaj\u0105cy okresowi przedawnienia roszcze\u0144 jakie mo\u017ce podnosi\u0107 Administrator i jakie mog\u0105 by\u0107 podnoszone wobec niego. Je\u017celi przepis szczeg\u00f3lny nie stanowi inaczej, termin przedawnienia wynosi lat sze\u015b\u0107, a dla roszcze\u0144 o \u015bwiadczenia okresowe oraz roszcze\u0144 zwi\u0105zanych z prowadzeniem dzia\u0142alno\u015bci gospodarczej \u2013 trzy lata;<\/li><li>W przypadku, gdy podstaw\u0105 przetwarzania danych jest wykonanie umowy, w\u00f3wczas dane osobowe Klienta przetwarzane s\u0105 przez Administrator tak d\u0142ugo, jak jest to niezb\u0119dne do wykonania umowy, a po tym czasie przez okres odpowiadaj\u0105cy okresowi przedawnienia roszcze\u0144. Je\u017celi przepis szczeg\u00f3lny nie stanowi inaczej, termin przedawnienia wynosi lat sze\u015b\u0107, a dla roszcze\u0144 o \u015bwiadczenia okresowe oraz roszcze\u0144 zwi\u0105zanych z prowadzeniem dzia\u0142alno\u015bci gospodarczej \u2013 trzy lata.<\/li><li>W przypadku skierowania \u017c\u0105dania Administrator udost\u0119pnia dane osobowe uprawnionym organom pa\u0144stwowym.<\/li><\/ol><p>Klient jest uprawniony do:<\/p><ol><li>Skorzystania z prawa do cofni\u0119cia zgody na przetwarzanie danych osobowych \u2013 7 ust. 3 RODO. Cofni\u0119cie zgody ma skutek od momentu wycofania zgody i nie wp\u0142ywa na przetwarzanie dokonywane przez Administrator zgodnie z prawem przed jej cofni\u0119ciem;<\/li><li>Wyra\u017cenia sprzeciwu wobec przetwarzania jego danych osobowych- art. 21 RODO,<\/li><li>Domagania si\u0119 usuni\u0119cia jego danych osobowych \u2013 art. 17 RODO,<\/li><li>Domagania si\u0119 ograniczenia przetwarzania danych osobowych \u2013 art. 18 RODO,<\/li><li>Dost\u0119pu do danych osobowych \u2013 art. 15 RODO,<\/li><li>Domagania si\u0119 sprostowania swoich danych osobowych \u2013 art. 16 RODO,<\/li><li>Do przenoszenia danych \u2013 art. 20 RODO,<\/li><li>Do wniesienia skargi do Prezesa Urz\u0119du Ochrony Danych Osobowych, w zakresie naruszenia jego praw do ochrony danych osobowych lub innych praw przyznanych na mocy RODO.<\/li><li>W celu realizacji uprawnie\u0144, o kt\u00f3rych mowa w pkt 12 nale\u017cy skontaktowa\u0107 si\u0119 z Administratorem osobi\u015bcie, w jego siedzibie, za po\u015brednictwem poczty elektronicznej (biuro@zaufanenieruchomosci.pl lub telefonicznie pod numerem: 730 581 054 (op\u0142ata za po\u0142\u0105czenie zgodna z taryf\u0105 operatora).|<\/li><\/ol><p>\u00a0<\/p><p><strong>II. Cookies<\/strong><\/p><ol><li>Administrator wykorzystuje pliki cookies (ciasteczka), czyli niewielkie informacje tekstowe, przechowywane na urz\u0105dzeniu ko\u0144cowym osoby korzystaj\u0105cej ze Strony Internetowej, zwanej dalej U\u017cytkownikiem.<\/li><li>Cookies mog\u0105 by\u0107 odczytywane przez system teleinformatycznym Administrator.<\/li><li>Stosowane przez Administrator cookies s\u0105 bezpieczne dla Urz\u0105dzenia U\u017cytkownika. W szczeg\u00f3lno\u015bci t\u0105 drog\u0105 nie jest mo\u017cliwe przedostanie si\u0119 do urz\u0105dze\u0144 U\u017cytkownik\u00f3w wirus\u00f3w lub innego niechcianego oprogramowania lub oprogramowania z\u0142o\u015bliwego. Pliki te pozwalaj\u0105 zidentyfikowa\u0107 oprogramowanie wykorzystywane przez U\u017cytkownika i dostosowa\u0107 Serwis indywidualnie ka\u017cdemu U\u017cytkownikowi. cookies zazwyczaj zawieraj\u0105 nazw\u0119 domeny z kt\u00f3rej pochodz\u0105, czas przechowywania ich na Urz\u0105dzeniu oraz przypisan\u0105 warto\u015b\u0107. Administrator wykorzystuje nast\u0119puj\u0105ce plik\u00f3w cookies:<\/li><li>Cookies sesyjne: s\u0105 przechowywane na Urz\u0105dzeniu U\u017cytkownika i pozostaj\u0105 tam do momentu zako\u0144czenia sesji danej przegl\u0105darki. Zapisane informacje s\u0105 w\u00f3wczas trwale usuwane z pami\u0119ci Urz\u0105dzenia. Mechanizm cookies sesyjnych nie pozwala na pobieranie jakichkolwiek danych osobowych ani \u017cadnych informacji poufnych z Urz\u0105dzenia U\u017cytkownika;<\/li><li>Cookies trwa\u0142e: s\u0105 przechowywane na Urz\u0105dzeniu U\u017cytkownika i pozostaj\u0105 tam do momentu ich skasowania. Zako\u0144czenie sesji danej przegl\u0105darki lub wy\u0142\u0105czenie Urz\u0105dzenia nie powoduje ich usuni\u0119cia z Urz\u0105dzenia U\u017cytkownika. Mechanizm cookies trwa\u0142ych nie pozwala na pobieranie jakichkolwiek danych osobowych ani \u017cadnych informacji poufnych z Urz\u0105dzenia U\u017cytkownika;<\/li><li>Cookies nieszkodliwe: niezb\u0119dne do poprawnego dzia\u0142ania witryny. S\u0105 potrzebne do umo\u017cliwienia dzia\u0142ania funkcjonalno\u015bci witryny, jednak ich dzia\u0142anie nie ma nic wsp\u00f3lnego z \u015bledzeniem U\u017cytkownika;<\/li><li>Cookies badaj\u0105ce: s\u0105 wykorzystywane do \u015bledzenia u\u017cytkownik\u00f3w jednak nie obejmuj\u0105 informacji pozwalaj\u0105cych zidentyfikowa\u0107 danych konkretnego U\u017cytkownika;<\/li><li>Cookies \u015bledz\u0105ce: s\u0105 wykorzystywane do \u015bledzenia u\u017cytkownik\u00f3w i dostarczaj\u0105 informacji identyfikuj\u0105cych dane konkretnego U\u017cytkownika.<\/li><li>Administrator przechowuje pliki cookies na urz\u0105dzeniu ko\u0144cowym U\u017cytkownika, a nast\u0119pnie uzyskuje dost\u0119p do informacji w nich zawartych w celach statystycznych,\u00a0 w celach marketingowych (remarketing) oraz w celu zapewnienia prawid\u0142owego dzia\u0142ania Strony Internetowej.<\/li><\/ol><p>Administrator stosuje pliki cookies w celu:<\/p><ol><li>Zapami\u0119tania wyboru U\u017cytkownika w kwestii zaprzestania wy\u015bwietlania wybranego komunikatu lub wy\u015bwietlenia go okre\u015blon\u0105 liczb\u0119 razy,<\/li><li>Dopasowania zawarto\u015bci serwisu do preferencji U\u017cytkownik\u00f3w,<\/li><li>Monitorowania ruchu w serwisie,<\/li><li>Zbierania anonimowych, zbiorczych statystyk, kt\u00f3re pozwalaj\u0105 zrozumie\u0107, w jaki spos\u00f3b u\u017cytkownicy korzystaj\u0105 z serwisu,<\/li><li>Ustalania liczby anonimowych u\u017cytkownik\u00f3w naszych stron www,<\/li><li>Badania zapis\u00f3w do Newslettera,<\/li><li>Integracji z portalem spo\u0142eczno\u015bciowym;<\/li><li>Istnieje mo\u017cliwo\u015b\u0107 takiej konfiguracji przegl\u0105darki internetowej, kt\u00f3ra uniemo\u017cliwia przechowywanie plik\u00f3w cookies na urz\u0105dzeniu ko\u0144cowym U\u017cytkownika. W takiej sytuacji, korzystanie ze Strony Internetowej przez U\u017cytkownika mo\u017ce by\u0107 utrudnione.<\/li><li>Pliki cookies mog\u0105 by\u0107 przez U\u017cytkownika usuni\u0119te po ich zapisaniu przez Administrator, poprzez odpowiednie funkcje przegl\u0105darki internetowej, programy s\u0142u\u017c\u0105ce w tym celu lub skorzystanie z odpowiednich narz\u0119dzi dost\u0119pnych w ramach systemu operacyjnego, z kt\u00f3rego korzysta U\u017cytkownik.<\/li><\/ol><p>\u00a0<\/p><p><strong>III. Inne technologie stosowane przez Administratora<\/strong><\/p><p>Administrator stosuje nast\u0119puj\u0105ce technologie \u015bledz\u0105ce dzia\u0142ania podejmowane przez U\u017cytkownika w ramach Strony Internetowej:<\/p><ol><li>Piksel konwersji Facebooka \u2013 w celu zarz\u0105dzania reklamami na Facebooku i prowadzenia dzia\u0142a\u0144 remarketingowych,<\/li><li>Kod \u015bledzenia Google Analitycs \u2013 w celu analizy statystyk Strony,<\/li><li>Korzystanie ze Strony Internetowej wi\u0105\u017ce si\u0119 z przesy\u0142aniem zapyta\u0144 do serwera, na kt\u00f3rym przechowywana jest Strona Internetowa.<\/li><li>Ka\u017cde zapytanie skierowane do serwera zapisywane jest w logach serwera. Logi obejmuj\u0105 m.in. adres IP U\u017cytkownika, dat\u0119 i czas serwera, informacje o przegl\u0105darce internetowej i systemie operacyjnym, z jakiego korzysta U\u017cytkownik.<\/li><li>Logi zapisywane i przechowywane s\u0105 na serwerze.<\/li><li>Dane zapisane w logach serwera nie s\u0105 kojarzone z konkretnymi osobami korzystaj\u0105cymi ze Strony Internetowej i nie s\u0105 wykorzystywane przez Administrator w celu identyfikacji U\u017cytkownika. Logi serwera stanowi\u0105 wy\u0142\u0105cznie materia\u0142 pomocniczy s\u0142u\u017c\u0105cy do administrowania Stron\u0105, a ich zawarto\u015b\u0107 nie jest ujawniona nikomu poza osobami upowa\u017cnionymi do administrowania serwerem.<\/li><\/ol><p>Polityka Prywatno\u015bci mo\u017ce ulec zmianie, w przypadku wprowadzenia przez Administratora na Stronie Internetowej nowych funkcjonalno\u015bci maj\u0105cych wp\u0142yw na spos\u00f3b przetwarzania danych osobowych, na spos\u00f3b wykorzystania plik\u00f3w cookies i innych technologii, a ponadto w przypadku zmiany przepis\u00f3w prawa.<\/p><p>O ka\u017cdej zmianie polityki prywatno\u015bci Administrator poinformuje Klient\u00f3w i U\u017cytkownik\u00f3w z 7 \u2013 dniowym wyprzedzeniem, umieszczaj\u0105c stosown\u0105 informacj\u0119 w powy\u017cszym zakresie na stronie internetowej.<\/p>\t\t\t\t\t\t<\/div>\n\t\t\t\t<\/div>\n\t\t\t\t\t<\/div>\n\t\t<\/div>\n\t\t\t\t\t\t\t<\/div>\n\t\t<\/section>\n\t\t\t\t\t\t\t<\/div>\n\t\t","protected":false},"excerpt":{"rendered":"<p>I. Polityka prywatno\u015bci Administratorem danych osobowych jest: DAMDOM Sp. z o.o. Nowogrodzka 31 00-511 Warszawa NIP: 7011023439 Administrator zbiera informacje, dotycz\u0105ce os\u00f3b fizycznych dzia\u0142aj\u0105cych zar\u00f3wno w imieniu w\u0142asnym, jak i reprezentuj\u0105cych osoby prawne lub jednostki organizacyjne nieb\u0119d\u0105ce osobami prawnymi, kt\u00f3rym ustawa przyznaje zdolno\u015b\u0107 prawn\u0105, zwanych dalej \u0142\u0105cznie Klientami. Dane osobowe Klienta s\u0105 zbierane w przypadku [&hellip;]<\/p>\n","protected":false},"author":1,"featured_media":0,"parent":0,"menu_order":0,"comment_status":"closed","ping_status":"closed","template":"","meta":[],"_links":{"self":[{"href":"https:\/\/zaufanenieruchomosci.pl\/index.php\/wp-json\/wp\/v2\/pages\/1405"}],"collection":[{"href":"https:\/\/zaufanenieruchomosci.pl\/index.php\/wp-json\/wp\/v2\/pages"}],"about":[{"href":"https:\/\/zaufanenieruchomosci.pl\/index.php\/wp-json\/wp\/v2\/types\/page"}],"author":[{"embeddable":true,"href":"https:\/\/zaufanenieruchomosci.pl\/index.php\/wp-json\/wp\/v2\/users\/1"}],"replies":[{"embeddable":true,"href":"https:\/\/zaufanenieruchomosci.pl\/index.php\/wp-json\/wp\/v2\/comments?post=1405"}],"version-history":[{"count":45,"href":"https:\/\/zaufanenieruchomosci.pl\/index.php\/wp-json\/wp\/v2\/pages\/1405\/revisions"}],"predecessor-version":[{"id":1470,"href":"https:\/\/zaufanenieruchomosci.pl\/index.php\/wp-json\/wp\/v2\/pages\/1405\/revisions\/1470"}],"wp:attachment":[{"href":"https:\/\/zaufanenieruchomosci.pl\/index.php\/wp-json\/wp\/v2\/media?parent=1405"}],"curies":[{"name":"wp","href":"https:\/\/api.w.org\/{rel}","templated":true}]}}